{"id":373,"date":"2023-01-11T15:04:55","date_gmt":"2023-01-11T14:04:55","guid":{"rendered":"https:\/\/relopet.pl\/?page_id=373"},"modified":"2023-01-12T15:47:46","modified_gmt":"2023-01-12T14:47:46","slug":"wielkosc-klatki","status":"publish","type":"page","link":"https:\/\/relopet.pl\/?page_id=373","title":{"rendered":"Wielko\u015b\u0107 klatki"},"content":{"rendered":"\t\t<div data-elementor-type=\"wp-page\" data-elementor-id=\"373\" class=\"elementor elementor-373\">\n\t\t\t\t\t\t\t\t\t<section class=\"elementor-section elementor-top-section elementor-element elementor-element-d00d560 elementor-section-boxed elementor-section-height-default elementor-section-height-default\" data-id=\"d00d560\" data-element_type=\"section\" data-settings=\"{&quot;background_background&quot;:&quot;video&quot;,&quot;background_video_link&quot;:&quot;https:\\\/\\\/relopet.pl\\\/wp-content\\\/uploads\\\/2022\\\/12\\\/video.mp4&quot;,&quot;background_play_on_mobile&quot;:&quot;yes&quot;}\">\n\t\t\t\t\t\t\t\t<div class=\"elementor-background-video-container\">\n\t\t\t\t\t\t\t\t\t\t\t\t\t<video class=\"elementor-background-video-hosted elementor-html5-video\" autoplay muted playsinline loop><\/video>\n\t\t\t\t\t\t\t\t\t\t\t<\/div>\n\t\t\t\t\t\t\t\t\t<div class=\"elementor-background-overlay\"><\/div>\n\t\t\t\t\t\t\t<div class=\"elementor-container elementor-column-gap-default\">\n\t\t\t\t\t<div class=\"elementor-column elementor-col-100 elementor-top-column elementor-element elementor-element-330a807\" data-id=\"330a807\" data-element_type=\"column\">\n\t\t\t<div class=\"elementor-widget-wrap elementor-element-populated\">\n\t\t\t\t\t\t\t\t<div class=\"elementor-element elementor-element-2840c53 elementor-widget elementor-widget-heading\" data-id=\"2840c53\" data-element_type=\"widget\" data-widget_type=\"heading.default\">\n\t\t\t\t<div class=\"elementor-widget-container\">\n\t\t\t<style>\/*! elementor - v3.9.1 - 14-12-2022 *\/\n.elementor-heading-title{padding:0;margin:0;line-height:1}.elementor-widget-heading .elementor-heading-title[class*=elementor-size-]>a{color:inherit;font-size:inherit;line-height:inherit}.elementor-widget-heading .elementor-heading-title.elementor-size-small{font-size:15px}.elementor-widget-heading .elementor-heading-title.elementor-size-medium{font-size:19px}.elementor-widget-heading .elementor-heading-title.elementor-size-large{font-size:29px}.elementor-widget-heading .elementor-heading-title.elementor-size-xl{font-size:39px}.elementor-widget-heading .elementor-heading-title.elementor-size-xxl{font-size:59px}<\/style><h2 class=\"elementor-heading-title elementor-size-default\">WIELKO\u015a\u0106 KLATKI<\/h2>\t\t<\/div>\n\t\t\t\t<\/div>\n\t\t\t\t\t<\/div>\n\t\t<\/div>\n\t\t\t\t\t\t\t<\/div>\n\t\t<\/section>\n\t\t\t\t<section class=\"elementor-section elementor-top-section elementor-element elementor-element-9bba53a elementor-section-boxed elementor-section-height-default elementor-section-height-default\" data-id=\"9bba53a\" data-element_type=\"section\" data-settings=\"{&quot;background_background&quot;:&quot;classic&quot;}\">\n\t\t\t\t\t\t\t<div class=\"elementor-background-overlay\"><\/div>\n\t\t\t\t\t\t\t<div class=\"elementor-container elementor-column-gap-default\">\n\t\t\t\t\t<div class=\"elementor-column elementor-col-100 elementor-top-column elementor-element elementor-element-4e55fb6\" data-id=\"4e55fb6\" data-element_type=\"column\">\n\t\t\t<div class=\"elementor-widget-wrap elementor-element-populated\">\n\t\t\t\t\t\t\t\t<div class=\"elementor-element elementor-element-b24710c elementor-widget elementor-widget-heading\" data-id=\"b24710c\" data-element_type=\"widget\" data-widget_type=\"heading.default\">\n\t\t\t\t<div class=\"elementor-widget-container\">\n\t\t\t<h2 class=\"elementor-heading-title elementor-size-default\">Jak dobra\u0107 odpowiedni\u0105 wielko\u015b\u0107 klatki dla Naszego pupila<\/h2>\t\t<\/div>\n\t\t\t\t<\/div>\n\t\t\t\t<section class=\"elementor-section elementor-inner-section elementor-element elementor-element-162229d elementor-section-content-middle elementor-section-boxed elementor-section-height-default elementor-section-height-default\" data-id=\"162229d\" data-element_type=\"section\">\n\t\t\t\t\t\t<div class=\"elementor-container elementor-column-gap-default\">\n\t\t\t\t\t<div class=\"elementor-column elementor-col-33 elementor-inner-column elementor-element elementor-element-77c48ba\" data-id=\"77c48ba\" data-element_type=\"column\">\n\t\t\t<div class=\"elementor-widget-wrap elementor-element-populated\">\n\t\t\t\t\t\t\t\t<div class=\"elementor-element elementor-element-02fe6d8 elementor-widget elementor-widget-image\" data-id=\"02fe6d8\" data-element_type=\"widget\" data-widget_type=\"image.default\">\n\t\t\t\t<div class=\"elementor-widget-container\">\n\t\t\t<style>\/*! elementor - v3.9.1 - 14-12-2022 *\/\n.elementor-widget-image{text-align:center}.elementor-widget-image a{display:inline-block}.elementor-widget-image a img[src$=\".svg\"]{width:48px}.elementor-widget-image img{vertical-align:middle;display:inline-block}<\/style>\t\t\t\t\t\t\t\t\t\t\t\t<img decoding=\"async\" width=\"297\" height=\"411\" src=\"https:\/\/relopet.pl\/wp-content\/uploads\/2023\/01\/transporter-relopet.png\" class=\"elementor-animation-bob attachment-large size-large wp-image-594\" alt=\"\" srcset=\"https:\/\/relopet.pl\/wp-content\/uploads\/2023\/01\/transporter-relopet.png 297w, https:\/\/relopet.pl\/wp-content\/uploads\/2023\/01\/transporter-relopet-217x300.png 217w\" sizes=\"(max-width: 297px) 100vw, 297px\" style=\"width:100%;height:138.38%;max-width:297px\" \/>\t\t\t\t\t\t\t\t\t\t\t\t\t\t\t<\/div>\n\t\t\t\t<\/div>\n\t\t\t\t\t<\/div>\n\t\t<\/div>\n\t\t\t\t<div class=\"elementor-column elementor-col-33 elementor-inner-column elementor-element elementor-element-b099aba\" data-id=\"b099aba\" data-element_type=\"column\">\n\t\t\t<div class=\"elementor-widget-wrap elementor-element-populated\">\n\t\t\t\t\t\t\t\t<div class=\"elementor-element elementor-element-4c53a69 elementor-widget elementor-widget-image\" data-id=\"4c53a69\" data-element_type=\"widget\" data-widget_type=\"image.default\">\n\t\t\t\t<div class=\"elementor-widget-container\">\n\t\t\t\t\t\t\t\t\t\t\t\t\t\t\t<img decoding=\"async\" width=\"354\" height=\"268\" src=\"https:\/\/relopet.pl\/wp-content\/uploads\/2023\/01\/2_Obszar-roboczy-1.png\" class=\"elementor-animation-bob attachment-large size-large wp-image-381\" alt=\"\" srcset=\"https:\/\/relopet.pl\/wp-content\/uploads\/2023\/01\/2_Obszar-roboczy-1.png 354w, https:\/\/relopet.pl\/wp-content\/uploads\/2023\/01\/2_Obszar-roboczy-1-300x227.png 300w\" sizes=\"(max-width: 354px) 100vw, 354px\" style=\"width:100%;height:75.71%;max-width:354px\" \/>\t\t\t\t\t\t\t\t\t\t\t\t\t\t\t<\/div>\n\t\t\t\t<\/div>\n\t\t\t\t\t<\/div>\n\t\t<\/div>\n\t\t\t\t<div class=\"elementor-column elementor-col-33 elementor-inner-column elementor-element elementor-element-e89b42f\" data-id=\"e89b42f\" data-element_type=\"column\">\n\t\t\t<div class=\"elementor-widget-wrap elementor-element-populated\">\n\t\t\t\t\t\t\t\t<div class=\"elementor-element elementor-element-d39f41f elementor-widget elementor-widget-image\" data-id=\"d39f41f\" data-element_type=\"widget\" data-widget_type=\"image.default\">\n\t\t\t\t<div class=\"elementor-widget-container\">\n\t\t\t\t\t\t\t\t\t\t\t\t\t\t\t<img decoding=\"async\" width=\"410\" height=\"176\" src=\"https:\/\/relopet.pl\/wp-content\/uploads\/2023\/01\/1_Obszar-roboczy-1.png\" class=\"elementor-animation-bob attachment-large size-large wp-image-380\" alt=\"\" srcset=\"https:\/\/relopet.pl\/wp-content\/uploads\/2023\/01\/1_Obszar-roboczy-1.png 410w, https:\/\/relopet.pl\/wp-content\/uploads\/2023\/01\/1_Obszar-roboczy-1-300x129.png 300w\" sizes=\"(max-width: 410px) 100vw, 410px\" style=\"width:100%;height:42.93%;max-width:410px\" \/>\t\t\t\t\t\t\t\t\t\t\t\t\t\t\t<\/div>\n\t\t\t\t<\/div>\n\t\t\t\t\t<\/div>\n\t\t<\/div>\n\t\t\t\t\t\t\t<\/div>\n\t\t<\/section>\n\t\t\t\t<section class=\"elementor-section elementor-inner-section elementor-element elementor-element-1784da2 elementor-section-content-middle elementor-reverse-mobile elementor-section-boxed elementor-section-height-default elementor-section-height-default\" data-id=\"1784da2\" data-element_type=\"section\">\n\t\t\t\t\t\t<div class=\"elementor-container elementor-column-gap-default\">\n\t\t\t\t\t<div class=\"elementor-column elementor-col-50 elementor-inner-column elementor-element elementor-element-a8969f0\" data-id=\"a8969f0\" data-element_type=\"column\">\n\t\t\t<div class=\"elementor-widget-wrap elementor-element-populated\">\n\t\t\t\t\t\t\t\t<div class=\"elementor-element elementor-element-dac1fcc elementor-widget elementor-widget-image\" data-id=\"dac1fcc\" data-element_type=\"widget\" data-widget_type=\"image.default\">\n\t\t\t\t<div class=\"elementor-widget-container\">\n\t\t\t\t\t\t\t\t\t\t\t\t\t\t\t<img decoding=\"async\" width=\"384\" height=\"467\" src=\"https:\/\/relopet.pl\/wp-content\/uploads\/2023\/01\/fretka-wymiary-relopet.png\" class=\"elementor-animation-grow-rotate attachment-large size-large wp-image-413\" alt=\"\" srcset=\"https:\/\/relopet.pl\/wp-content\/uploads\/2023\/01\/fretka-wymiary-relopet.png 384w, https:\/\/relopet.pl\/wp-content\/uploads\/2023\/01\/fretka-wymiary-relopet-247x300.png 247w\" sizes=\"(max-width: 384px) 100vw, 384px\" style=\"width:100%;height:121.61%;max-width:384px\" \/>\t\t\t\t\t\t\t\t\t\t\t\t\t\t\t<\/div>\n\t\t\t\t<\/div>\n\t\t\t\t\t<\/div>\n\t\t<\/div>\n\t\t\t\t<div class=\"elementor-column elementor-col-50 elementor-inner-column elementor-element elementor-element-99c8e0a\" data-id=\"99c8e0a\" data-element_type=\"column\">\n\t\t\t<div class=\"elementor-widget-wrap elementor-element-populated\">\n\t\t\t\t\t\t\t\t<div class=\"elementor-element elementor-element-72296c2 elementor-align-center elementor-widget elementor-widget-lottie\" data-id=\"72296c2\" data-element_type=\"widget\" data-settings=\"{&quot;source&quot;:&quot;external_url&quot;,&quot;source_external_url&quot;:{&quot;url&quot;:&quot;https:\\\/\\\/assets8.lottiefiles.com\\\/packages\\\/lf20_kxjicwsk.json&quot;,&quot;is_external&quot;:&quot;&quot;,&quot;nofollow&quot;:&quot;&quot;,&quot;custom_attributes&quot;:&quot;&quot;},&quot;loop&quot;:&quot;yes&quot;,&quot;link_to&quot;:&quot;none&quot;,&quot;trigger&quot;:&quot;arriving_to_viewport&quot;,&quot;viewport&quot;:{&quot;unit&quot;:&quot;%&quot;,&quot;size&quot;:&quot;&quot;,&quot;sizes&quot;:{&quot;start&quot;:0,&quot;end&quot;:100}},&quot;play_speed&quot;:{&quot;unit&quot;:&quot;px&quot;,&quot;size&quot;:1,&quot;sizes&quot;:[]},&quot;start_point&quot;:{&quot;unit&quot;:&quot;%&quot;,&quot;size&quot;:&quot;0&quot;,&quot;sizes&quot;:[]},&quot;end_point&quot;:{&quot;unit&quot;:&quot;%&quot;,&quot;size&quot;:&quot;100&quot;,&quot;sizes&quot;:[]},&quot;renderer&quot;:&quot;svg&quot;}\" data-widget_type=\"lottie.default\">\n\t\t\t\t<div class=\"elementor-widget-container\">\n\t\t\t<style>\/*! elementor-pro - v3.9.1 - 14-12-2022 *\/\n.e-lottie__container{display:inline-block;max-width:var(--lottie-container-max-width);width:var(--lottie-container-width);opacity:var(--lottie-container-opacity)}.e-lottie__container:hover{opacity:var(--lottie-container-opacity-hover);transition-duration:var(--lottie-container-transition-duration-hover)}.e-lottie__container svg,.e-lottie__container svg *{transition:none!important}.e-lottie__caption{color:var(--caption-color);margin-top:var(--caption-margin-top);text-align:var(--caption-text-align)}<\/style><div class=\"e-lottie__container\"><div class=\"e-lottie__animation\"><\/div><\/div>\t\t<\/div>\n\t\t\t\t<\/div>\n\t\t\t\t<div class=\"elementor-element elementor-element-6fb230c elementor-widget elementor-widget-ucaddon_glare_effect_button\" data-id=\"6fb230c\" data-element_type=\"widget\" data-widget_type=\"ucaddon_glare_effect_button.default\">\n\t\t\t\t<div class=\"elementor-widget-container\">\n\t\t\t<!-- start Glare Button Effect -->\n\t\t\t<style type=\"text\/css\">\/* widget: Glare Button Effect *\/\n\n#uc_glare_effect_button_elementor16048\n{\n  text-align:center;\n}\n\n#uc_glare_effect_button_elementor16048 a {\n\n  font-size: 15px;\n  line-height: 1;\n  color: #fff;\n  letter-spacing: 0.025em;\n  background: #39B7E2;\n  padding: 18px 20px 18px 20px;\n  cursor: pointer;\n  border: 0;\n  border-radius: 2px;\n  overflow: hidden;\n  position: relative;\n  display:inline-block;\n  text-decoration:none;\n\n}\n\n#uc_glare_effect_button_elementor16048 a div {\n  display: block;\n  position: relative;\n  z-index: 10;\n}\n\n#uc_glare_effect_button_elementor16048 a:after,\n#uc_glare_effect_button_elementor16048 a:before {\n  padding: 18px 0 11px;\n  content: '';\n  position: absolute;\n  top: 0;\n  left: calc(-100% - 30px);\n  height: calc(100%);\n  width: calc(100% + 20px);\n  color: #fff;\n  border-radius: 2px;\n  transform: skew(-25deg);\n}\n\n#uc_glare_effect_button_elementor16048 a:after {\n  background: #fff;\n  transition: left 0.8s cubic-bezier(0.86, 0, 0.07, 1) 0.2s;\n  z-index: 0;\n  opacity: 0.8;\n}\n\n#uc_glare_effect_button_elementor16048 a:before {\n  background: #13c276;\n  z-index: 5;\n  transition: left 1s cubic-bezier(0.86, 0, 0.07, 1);\n}\n\n#uc_glare_effect_button_elementor16048 a:hover:after {\n  left: calc(0% - 10px);\n  transition: left 0.8s cubic-bezier(0.86, 0, 0.07, 1);\n}\n\n#uc_glare_effect_button_elementor16048 a:hover:before {\n  left: calc(0% - 10px);\n  transition: left 1s cubic-bezier(0.86, 0, 0.07, 1);\n}\n\n<\/style>\n\n\t\t\t<div id=\"uc_glare_effect_button_elementor16048\">\n<a href=\"https:\/\/relopet.pl\/?page_id=245\">\n  <div>PRZEJD\u0179 DO FORMULARZA<\/div>\n<\/a>\n<\/div>\n\t\t\t<!-- end Glare Button Effect -->\t\t<\/div>\n\t\t\t\t<\/div>\n\t\t\t\t\t<\/div>\n\t\t<\/div>\n\t\t\t\t\t\t\t<\/div>\n\t\t<\/section>\n\t\t\t\t\t<\/div>\n\t\t<\/div>\n\t\t\t\t\t\t\t<\/div>\n\t\t<\/section>\n\t\t\t\t<section class=\"elementor-section elementor-top-section elementor-element elementor-element-33e10d4 elementor-section-full_width elementor-section-height-default elementor-section-height-default\" data-id=\"33e10d4\" data-element_type=\"section\">\n\t\t\t\t\t\t<div class=\"elementor-container elementor-column-gap-no\">\n\t\t\t\t\t<div class=\"elementor-column elementor-col-100 elementor-top-column elementor-element elementor-element-6af13b4\" data-id=\"6af13b4\" data-element_type=\"column\">\n\t\t\t<div class=\"elementor-widget-wrap elementor-element-populated\">\n\t\t\t\t\t\t\t\t<div class=\"elementor-element elementor-element-2dd066e elementor-arrows-position-inside elementor-widget elementor-widget-image-carousel\" data-id=\"2dd066e\" data-element_type=\"widget\" data-settings=\"{&quot;slides_to_show&quot;:&quot;6&quot;,&quot;navigation&quot;:&quot;arrows&quot;,&quot;slides_to_show_mobile&quot;:&quot;2&quot;,&quot;autoplay&quot;:&quot;yes&quot;,&quot;pause_on_hover&quot;:&quot;yes&quot;,&quot;pause_on_interaction&quot;:&quot;yes&quot;,&quot;autoplay_speed&quot;:5000,&quot;infinite&quot;:&quot;yes&quot;,&quot;speed&quot;:500}\" data-widget_type=\"image-carousel.default\">\n\t\t\t\t<div class=\"elementor-widget-container\">\n\t\t\t<style>\/*! elementor - v3.9.1 - 14-12-2022 *\/\n.elementor-widget-image-carousel .swiper-container{position:static}.elementor-widget-image-carousel .swiper-container .swiper-slide figure{line-height:inherit}.elementor-widget-image-carousel .swiper-slide{text-align:center}.elementor-image-carousel-wrapper:not(.swiper-container-initialized) .swiper-slide{max-width:calc(100% \/ var(--e-image-carousel-slides-to-show, 3))}<\/style>\t\t<div class=\"elementor-image-carousel-wrapper swiper-container\" dir=\"ltr\">\n\t\t\t<div class=\"elementor-image-carousel swiper-wrapper\">\n\t\t\t\t\t\t\t\t<div class=\"swiper-slide\"><figure class=\"swiper-slide-inner\"><img decoding=\"async\" class=\"swiper-slide-image\" src=\"https:\/\/relopet.pl\/wp-content\/uploads\/2023\/01\/slider1.jpg\" alt=\"slider1\" \/><\/figure><\/div><div class=\"swiper-slide\"><figure class=\"swiper-slide-inner\"><img decoding=\"async\" class=\"swiper-slide-image\" src=\"https:\/\/relopet.pl\/wp-content\/uploads\/2023\/01\/slider2.jpg\" alt=\"slider2\" \/><\/figure><\/div><div class=\"swiper-slide\"><figure class=\"swiper-slide-inner\"><img decoding=\"async\" class=\"swiper-slide-image\" src=\"https:\/\/relopet.pl\/wp-content\/uploads\/2023\/01\/slider3.jpg\" alt=\"slider3\" \/><\/figure><\/div><div class=\"swiper-slide\"><figure class=\"swiper-slide-inner\"><img decoding=\"async\" class=\"swiper-slide-image\" src=\"https:\/\/relopet.pl\/wp-content\/uploads\/2023\/01\/slider4.jpg\" alt=\"slider4\" \/><\/figure><\/div><div class=\"swiper-slide\"><figure class=\"swiper-slide-inner\"><img decoding=\"async\" class=\"swiper-slide-image\" src=\"https:\/\/relopet.pl\/wp-content\/uploads\/2023\/01\/slider5.jpg\" alt=\"slider5\" \/><\/figure><\/div><div class=\"swiper-slide\"><figure class=\"swiper-slide-inner\"><img decoding=\"async\" class=\"swiper-slide-image\" src=\"https:\/\/relopet.pl\/wp-content\/uploads\/2023\/01\/slider6.jpg\" alt=\"slider6\" \/><\/figure><\/div><div class=\"swiper-slide\"><figure class=\"swiper-slide-inner\"><img decoding=\"async\" class=\"swiper-slide-image\" src=\"https:\/\/relopet.pl\/wp-content\/uploads\/2023\/01\/slider7.jpg\" alt=\"slider7\" \/><\/figure><\/div><div class=\"swiper-slide\"><figure class=\"swiper-slide-inner\"><img decoding=\"async\" class=\"swiper-slide-image\" src=\"https:\/\/relopet.pl\/wp-content\/uploads\/2023\/01\/slider8.jpg\" alt=\"slider8\" \/><\/figure><\/div><div class=\"swiper-slide\"><figure class=\"swiper-slide-inner\"><img decoding=\"async\" class=\"swiper-slide-image\" src=\"https:\/\/relopet.pl\/wp-content\/uploads\/2023\/01\/slider9.jpg\" alt=\"slider9\" \/><\/figure><\/div>\t\t\t<\/div>\n\t\t\t\t\t\t\t\t\t\t\t\t\t\t\t\t<div class=\"elementor-swiper-button elementor-swiper-button-prev\">\n\t\t\t\t\t\t<i aria-hidden=\"true\" class=\"eicon-chevron-left\"><\/i>\t\t\t\t\t\t<span class=\"elementor-screen-only\">Poprzednie<\/span>\n\t\t\t\t\t<\/div>\n\t\t\t\t\t<div class=\"elementor-swiper-button elementor-swiper-button-next\">\n\t\t\t\t\t\t<i aria-hidden=\"true\" class=\"eicon-chevron-right\"><\/i>\t\t\t\t\t\t<span class=\"elementor-screen-only\">Nast\u0119pne<\/span>\n\t\t\t\t\t<\/div>\n\t\t\t\t\t\t\t\t\t<\/div>\n\t\t\t\t<\/div>\n\t\t\t\t<\/div>\n\t\t\t\t\t<\/div>\n\t\t<\/div>\n\t\t\t\t\t\t\t<\/div>\n\t\t<\/section>\n\t\t\t\t\t\t\t<\/div>\n\t\t","protected":false},"excerpt":{"rendered":"<p>WIELKO\u015a\u0106 KLATKI Jak dobra\u0107 odpowiedni\u0105 wielko\u015b\u0107 klatki dla Naszego pupila PRZEJD\u0179 DO FORMULARZA Poprzednie Nast\u0119pne<\/p>\n","protected":false},"author":1,"featured_media":0,"parent":0,"menu_order":0,"comment_status":"closed","ping_status":"closed","template":"elementor_header_footer","meta":{"footnotes":""},"class_list":["post-373","page","type-page","status-publish","hentry","entry"],"yoast_head":"<!-- This site is optimized with the Yoast SEO Premium plugin v19.0 (Yoast SEO v19.4) - https:\/\/yoast.com\/wordpress\/plugins\/seo\/ -->\n<title>Wielko\u015b\u0107 klatki - Relopet<\/title>\n<meta name=\"robots\" content=\"index, follow, max-snippet:-1, max-image-preview:large, max-video-preview:-1\" \/>\n<link rel=\"canonical\" href=\"https:\/\/relopet.pl\/?page_id=373\" \/>\n<meta property=\"og:locale\" content=\"pl_PL\" \/>\n<meta property=\"og:type\" content=\"article\" \/>\n<meta property=\"og:title\" content=\"Wielko\u015b\u0107 klatki\" \/>\n<meta property=\"og:description\" content=\"WIELKO\u015a\u0106 KLATKI Jak dobra\u0107 odpowiedni\u0105 wielko\u015b\u0107 klatki dla Naszego pupila PRZEJD\u0179 DO FORMULARZA Poprzednie Nast\u0119pne\" \/>\n<meta property=\"og:url\" content=\"https:\/\/relopet.pl\/?page_id=373\" \/>\n<meta property=\"og:site_name\" content=\"Relopet\" \/>\n<meta property=\"article:publisher\" content=\"https:\/\/www.facebook.com\/relopetpoland\" \/>\n<meta property=\"article:modified_time\" content=\"2023-01-12T14:47:46+00:00\" \/>\n<meta property=\"og:image\" content=\"https:\/\/relopet.pl\/wp-content\/uploads\/2023\/01\/transporter-relopet.png\" \/>\n<meta name=\"twitter:card\" content=\"summary_large_image\" \/>\n<meta name=\"twitter:label1\" content=\"Szacowany czas czytania\" \/>\n\t<meta name=\"twitter:data1\" content=\"6 minut\" \/>\n<script type=\"application\/ld+json\" class=\"yoast-schema-graph\">{\"@context\":\"https:\/\/schema.org\",\"@graph\":[{\"@type\":\"Organization\",\"@id\":\"https:\/\/relopet.pl\/#organization\",\"name\":\"Relopet\",\"url\":\"https:\/\/relopet.pl\/\",\"sameAs\":[\"https:\/\/www.facebook.com\/relopetpoland\"],\"logo\":{\"@type\":\"ImageObject\",\"inLanguage\":\"pl-PL\",\"@id\":\"https:\/\/relopet.pl\/#\/schema\/logo\/image\/\",\"url\":\"https:\/\/relopet.pl\/wp-content\/uploads\/2022\/11\/relopet-logo.png\",\"contentUrl\":\"https:\/\/relopet.pl\/wp-content\/uploads\/2022\/11\/relopet-logo.png\",\"width\":400,\"height\":250,\"caption\":\"Relopet\"},\"image\":{\"@id\":\"https:\/\/relopet.pl\/#\/schema\/logo\/image\/\"}},{\"@type\":\"WebSite\",\"@id\":\"https:\/\/relopet.pl\/#website\",\"url\":\"https:\/\/relopet.pl\/\",\"name\":\"Relopet\",\"description\":\"Profesjonalny transport zwierz\u0105t\",\"publisher\":{\"@id\":\"https:\/\/relopet.pl\/#organization\"},\"potentialAction\":[{\"@type\":\"SearchAction\",\"target\":{\"@type\":\"EntryPoint\",\"urlTemplate\":\"https:\/\/relopet.pl\/?s={search_term_string}\"},\"query-input\":\"required name=search_term_string\"}],\"inLanguage\":\"pl-PL\"},{\"@type\":\"WebPage\",\"@id\":\"https:\/\/relopet.pl\/?page_id=373\",\"url\":\"https:\/\/relopet.pl\/?page_id=373\",\"name\":\"Wielko\u015b\u0107 klatki - Relopet\",\"isPartOf\":{\"@id\":\"https:\/\/relopet.pl\/#website\"},\"datePublished\":\"2023-01-11T14:04:55+00:00\",\"dateModified\":\"2023-01-12T14:47:46+00:00\",\"breadcrumb\":{\"@id\":\"https:\/\/relopet.pl\/?page_id=373#breadcrumb\"},\"inLanguage\":\"pl-PL\",\"potentialAction\":[{\"@type\":\"ReadAction\",\"target\":[\"https:\/\/relopet.pl\/?page_id=373\"]}]},{\"@type\":\"BreadcrumbList\",\"@id\":\"https:\/\/relopet.pl\/?page_id=373#breadcrumb\",\"itemListElement\":[{\"@type\":\"ListItem\",\"position\":1,\"name\":\"Home\",\"item\":\"https:\/\/relopet.pl\/\"},{\"@type\":\"ListItem\",\"position\":2,\"name\":\"Wielko\u015b\u0107 klatki\"}]}]}<\/script>\n<!-- \/ Yoast SEO Premium plugin. -->","yoast_head_json":{"title":"Wielko\u015b\u0107 klatki - Relopet","robots":{"index":"index","follow":"follow","max-snippet":"max-snippet:-1","max-image-preview":"max-image-preview:large","max-video-preview":"max-video-preview:-1"},"canonical":"https:\/\/relopet.pl\/?page_id=373","og_locale":"pl_PL","og_type":"article","og_title":"Wielko\u015b\u0107 klatki","og_description":"WIELKO\u015a\u0106 KLATKI Jak dobra\u0107 odpowiedni\u0105 wielko\u015b\u0107 klatki dla Naszego pupila PRZEJD\u0179 DO FORMULARZA Poprzednie Nast\u0119pne","og_url":"https:\/\/relopet.pl\/?page_id=373","og_site_name":"Relopet","article_publisher":"https:\/\/www.facebook.com\/relopetpoland","article_modified_time":"2023-01-12T14:47:46+00:00","og_image":[{"url":"https:\/\/relopet.pl\/wp-content\/uploads\/2023\/01\/transporter-relopet.png"}],"twitter_card":"summary_large_image","twitter_misc":{"Szacowany czas czytania":"6 minut"},"schema":{"@context":"https:\/\/schema.org","@graph":[{"@type":"Organization","@id":"https:\/\/relopet.pl\/#organization","name":"Relopet","url":"https:\/\/relopet.pl\/","sameAs":["https:\/\/www.facebook.com\/relopetpoland"],"logo":{"@type":"ImageObject","inLanguage":"pl-PL","@id":"https:\/\/relopet.pl\/#\/schema\/logo\/image\/","url":"https:\/\/relopet.pl\/wp-content\/uploads\/2022\/11\/relopet-logo.png","contentUrl":"https:\/\/relopet.pl\/wp-content\/uploads\/2022\/11\/relopet-logo.png","width":400,"height":250,"caption":"Relopet"},"image":{"@id":"https:\/\/relopet.pl\/#\/schema\/logo\/image\/"}},{"@type":"WebSite","@id":"https:\/\/relopet.pl\/#website","url":"https:\/\/relopet.pl\/","name":"Relopet","description":"Profesjonalny transport zwierz\u0105t","publisher":{"@id":"https:\/\/relopet.pl\/#organization"},"potentialAction":[{"@type":"SearchAction","target":{"@type":"EntryPoint","urlTemplate":"https:\/\/relopet.pl\/?s={search_term_string}"},"query-input":"required name=search_term_string"}],"inLanguage":"pl-PL"},{"@type":"WebPage","@id":"https:\/\/relopet.pl\/?page_id=373","url":"https:\/\/relopet.pl\/?page_id=373","name":"Wielko\u015b\u0107 klatki - Relopet","isPartOf":{"@id":"https:\/\/relopet.pl\/#website"},"datePublished":"2023-01-11T14:04:55+00:00","dateModified":"2023-01-12T14:47:46+00:00","breadcrumb":{"@id":"https:\/\/relopet.pl\/?page_id=373#breadcrumb"},"inLanguage":"pl-PL","potentialAction":[{"@type":"ReadAction","target":["https:\/\/relopet.pl\/?page_id=373"]}]},{"@type":"BreadcrumbList","@id":"https:\/\/relopet.pl\/?page_id=373#breadcrumb","itemListElement":[{"@type":"ListItem","position":1,"name":"Home","item":"https:\/\/relopet.pl\/"},{"@type":"ListItem","position":2,"name":"Wielko\u015b\u0107 klatki"}]}]}},"_links":{"self":[{"href":"https:\/\/relopet.pl\/index.php?rest_route=\/wp\/v2\/pages\/373","targetHints":{"allow":["GET"]}}],"collection":[{"href":"https:\/\/relopet.pl\/index.php?rest_route=\/wp\/v2\/pages"}],"about":[{"href":"https:\/\/relopet.pl\/index.php?rest_route=\/wp\/v2\/types\/page"}],"author":[{"embeddable":true,"href":"https:\/\/relopet.pl\/index.php?rest_route=\/wp\/v2\/users\/1"}],"replies":[{"embeddable":true,"href":"https:\/\/relopet.pl\/index.php?rest_route=%2Fwp%2Fv2%2Fcomments&post=373"}],"version-history":[{"count":0,"href":"https:\/\/relopet.pl\/index.php?rest_route=\/wp\/v2\/pages\/373\/revisions"}],"wp:attachment":[{"href":"https:\/\/relopet.pl\/index.php?rest_route=%2Fwp%2Fv2%2Fmedia&parent=373"}],"curies":[{"name":"wp","href":"https:\/\/api.w.org\/{rel}","templated":true}]}}